{"id":996,"date":"2015-02-24T10:47:56","date_gmt":"2015-02-24T09:47:56","guid":{"rendered":"https:\/\/www.adriaticohotels.com\/discoteche-e-pub-2\/"},"modified":"2015-04-01T11:52:00","modified_gmt":"2015-04-01T09:52:00","slug":"discotheques-pubs","status":"publish","type":"page","link":"https:\/\/www.adriaticohotels.com\/fr\/discotheques-pubs\/","title":{"rendered":"Discoth\u00e8ques \/ Pubs"},"content":{"rendered":"<p><strong>Voici une liste des locaux nocturnes et des discoth\u00e8ques les plus c\u00e9l\u00e8bres que l\u2019on trouve \u00e0 Cattolica ou dans les environs:<\/strong><\/p>\n<ul>\n<li>BAIA IMPERIALE &#8211; Gabicce Mare \u2013 Via Panoramica, 195<\/li>\n<li>SAVANA&rsquo;S CLUB &#8211; Gabicce Mare \u2013 Viale della Vittoria<\/li>\n<li>SOPHIA &#8211; Gabicce Mare \u2013 Via Risorgimento, 25<\/li>\n<li>ZEN DISCO PUB \u2013 Cattolica &#8211; Via Bovio, 61<\/li>\n<li>CAF\u00c8 CHANTJK C\/O ZENZERO CLUB &#8211; Porto Verde &#8211; Misano Adriatico &#8211; Molo di Levante, 12<\/li>\n<li>BOBO CLUB &#8211; Misano Adriatico &#8211; Via Litoranea Nord, 40<\/li>\n<li>BOULEVARD MUSIC CLUB &#8211; Misano Adriatico \u2013 Via Ponte Conca, 41<\/li>\n<li>BYBLOS DISCO DINNER &#8211; Misano Adriatico \u2013 Via P. Castello, 24<\/li>\n<li>KANTIERE &#8211; Misano Adriatico \u2013 Via Saffi, 54<\/li>\n<li>LIZ CLUB ex ECHOES &#8211; Misano Adriatico &#8211; Via Del Carro, 40<\/li>\n<li>PETER PAN &#8211; Misano Adriatico \u2013 Via Scacciano, 161<\/li>\n<li>VILLA DELLE ROSE &#8211; Misano Adriatico \u2013 Via Camilluccia, 16<\/li>\n<li>AQUAF\u00c0N (WALKY CUP) \u2013 Riccione \u2013 Via Pistoia<\/li>\n<li>COCORIC\u00d2 \u2013 Riccione &#8211; Via Chieti, 44<\/li>\n<li>DIABOLIKA (GRAND HOTEL) \u2013 Riccione \u2013 Viale Milano, 64<\/li>\n<li>GRANCARIBE\/PEPENERO \u2013 Riccione &#8211; Piazzale Azzarita, 1<\/li>\n<li>PASCI\u00c0 &#8211; Riccione &#8211; Viale Sardegna, 30<\/li>\n<li>PRINCE &#8211; Riccione \u2013 Via Tre baci, 49<\/li>\n<li>SONEROS &#8211; Riccione \u2013 Viale Gramsci, 98<\/li>\n<\/ul>\n","protected":false},"excerpt":{"rendered":"<p>Voici une liste des locaux nocturnes et des discoth\u00e8ques les&#8230;<\/p>\n","protected":false},"author":32,"featured_media":0,"parent":0,"menu_order":0,"comment_status":"closed","ping_status":"closed","template":"","meta":{"_acf_changed":false},"class_list":["post-996","page","type-page","status-publish","hentry"],"acf":[],"aioseo_notices":[],"_links":{"self":[{"href":"https:\/\/www.adriaticohotels.com\/fr\/wp-json\/wp\/v2\/pages\/996","targetHints":{"allow":["GET"]}}],"collection":[{"href":"https:\/\/www.adriaticohotels.com\/fr\/wp-json\/wp\/v2\/pages"}],"about":[{"href":"https:\/\/www.adriaticohotels.com\/fr\/wp-json\/wp\/v2\/types\/page"}],"author":[{"embeddable":true,"href":"https:\/\/www.adriaticohotels.com\/fr\/wp-json\/wp\/v2\/users\/32"}],"replies":[{"embeddable":true,"href":"https:\/\/www.adriaticohotels.com\/fr\/wp-json\/wp\/v2\/comments?post=996"}],"version-history":[{"count":0,"href":"https:\/\/www.adriaticohotels.com\/fr\/wp-json\/wp\/v2\/pages\/996\/revisions"}],"wp:attachment":[{"href":"https:\/\/www.adriaticohotels.com\/fr\/wp-json\/wp\/v2\/media?parent=996"}],"curies":[{"name":"wp","href":"https:\/\/api.w.org\/{rel}","templated":true}]}}