{"id":992,"date":"2015-02-15T22:56:56","date_gmt":"2015-02-15T21:56:56","guid":{"rendered":"https:\/\/www.adriaticohotels.com\/gabicce-mare-la-piccola-localita-ai-piedi-del-monte-san-bartolo-2\/"},"modified":"2015-04-01T11:44:23","modified_gmt":"2015-04-01T09:44:23","slug":"gabicce-la-ville-et-son-centre","status":"publish","type":"page","link":"https:\/\/www.adriaticohotels.com\/fr\/gabicce-la-ville-et-son-centre\/","title":{"rendered":"Gabicce &#8211; La ville et son centre"},"content":{"rendered":"<p>Gabicce Mare est tr\u00e8s appr\u00e9ci\u00e9e surtout gr\u00e2ce \u00e0 sa position g\u00e9ographique sp\u00e9ciale qui offre toujours de grandes \u00e9motions et des paysages \u00e0 vous couper le souffle. Cette petite ville de bord de mer, situ\u00e9e dans la zone comprise entre l\u2019Emilie Romagne et les Marches, fait partie de la Province de Pesaro et c\u2019est la derni\u00e8re Commune de la Riviera Adriatique s\u00e9par\u00e9e de la Romagne uniquement par la rivi\u00e8re Tavollo. Cette identit\u00e9 \u00e0 cheval entre deux r\u00e9alit\u00e9s r\u00e9gionales donne lieu \u00e0 des m\u00e9langes de traditions \u0153nogastronomiques et culturelles, ce qui donne un attrait suppl\u00e9mentaire \u00e0 cette localit\u00e9.<\/p>\n<p>La culture de l\u2019accueil et de l\u2019hospitalit\u00e9 est la grande qualit\u00e9 qui caract\u00e9rise les services et les structures h\u00f4teli\u00e8res sont d\u2019ult\u00e9rieures raisons pour choisir cette localit\u00e9 comme destination de vos prochaines vacances. Un autre caract\u00e9ristique qui distingue Gabicce: elle poss\u00e8de deux \u00e2mes diff\u00e9rentes: l\u2019une collinaire, qui correspond \u00e0 Gabicce Monte et l\u2019autre marine. Dans le premier cas la ville se trouve tr\u00e8s au dessus du niveau de la mer sur les collines qui font partie de la splendide R\u00e9serve Naturelle du Mont San Bartolo, qui s\u2019ouvre sur tout le littoral de la Riviera Adriatique, nous offrant des paysages \u00e9poustouflants inoubliables.<\/p>\n<p>Gabicce se situe en position privil\u00e9gi\u00e9e \u00e9galement gr\u00e2ce \u00e0 la proximit\u00e9 des parcs d\u2019attraction les plus beaux de la Riviera Adriatique et d\u2019un arri\u00e8re-pays unique en son genre, enrichi de forteresses et de ch\u00e2teaux pleins de charme et d\u2019histoire comme par exemple la magnifique Gradara, cit\u00e9e \u00e9galement par Dante dans la Divina Commedia, et Urbino. Gabicce est \u00e9galement id\u00e9ale pour ceux qui souhaitent passer des vacances \u00e0 l\u2019enseigne du bien-\u00eatre et de la d\u00e9tente gr\u00e2ce \u00e0 la possibilit\u00e9 de passer des journ\u00e9es r\u00e9g\u00e9n\u00e9rantes aux thermes voisines de Riccione ou bien dans l\u2019une des nombreuses Spa qui constellent la ville, entre massages, sauna, repos et promenades sur la plage. Mais ce n\u2019est pas tout. Pour ceux qui aiment faire du shopping, les boutiques \u00e0 la mode, les rues \u00e9l\u00e9gantes et une ambiance exclusive, Gabicce est la destination de vacances id\u00e9ale. Gr\u00e2ce \u00e0 une vaste gamme de locaux, restaurants et h\u00f4tels de luxe, la petite ville de bord de mer est aujourd\u2019hui s\u00e9lectionn\u00e9e par un tourisme exclusif et chic.<\/p>\n","protected":false},"excerpt":{"rendered":"<p>Gabicce Mare est tr\u00e8s appr\u00e9ci\u00e9e surtout gr\u00e2ce \u00e0 sa position&#8230;<\/p>\n","protected":false},"author":32,"featured_media":0,"parent":0,"menu_order":0,"comment_status":"closed","ping_status":"closed","template":"","meta":{"_acf_changed":false},"class_list":["post-992","page","type-page","status-publish","hentry"],"acf":[],"aioseo_notices":[],"_links":{"self":[{"href":"https:\/\/www.adriaticohotels.com\/fr\/wp-json\/wp\/v2\/pages\/992","targetHints":{"allow":["GET"]}}],"collection":[{"href":"https:\/\/www.adriaticohotels.com\/fr\/wp-json\/wp\/v2\/pages"}],"about":[{"href":"https:\/\/www.adriaticohotels.com\/fr\/wp-json\/wp\/v2\/types\/page"}],"author":[{"embeddable":true,"href":"https:\/\/www.adriaticohotels.com\/fr\/wp-json\/wp\/v2\/users\/32"}],"replies":[{"embeddable":true,"href":"https:\/\/www.adriaticohotels.com\/fr\/wp-json\/wp\/v2\/comments?post=992"}],"version-history":[{"count":0,"href":"https:\/\/www.adriaticohotels.com\/fr\/wp-json\/wp\/v2\/pages\/992\/revisions"}],"wp:attachment":[{"href":"https:\/\/www.adriaticohotels.com\/fr\/wp-json\/wp\/v2\/media?parent=992"}],"curies":[{"name":"wp","href":"https:\/\/api.w.org\/{rel}","templated":true}]}}