{"id":986,"date":"2015-02-24T09:19:42","date_gmt":"2015-02-24T08:19:42","guid":{"rendered":"https:\/\/www.adriaticohotels.com\/hotel-vicino-parchi-divertimento-2\/"},"modified":"2015-04-01T10:47:31","modified_gmt":"2015-04-01T08:47:31","slug":"les-parcs","status":"publish","type":"page","link":"https:\/\/www.adriaticohotels.com\/fr\/les-parcs\/","title":{"rendered":"Les Parcs"},"content":{"rendered":"<p>Si vous souhaitez passer des vacances \u00e0 l\u2019enseigne du divertissement Cattolica peut offrir de nombreuses occasions de d\u00e9tente, et ce gr\u00e2ce \u00e0 la proximit\u00e9 des discoth\u00e8ques les plus c\u00e9l\u00e8bres de la Riviera Adriatique mais aussi des parcs d\u2019attraction les plus connus. A quelques minutes en voiture de Cattolica il est possible d\u2019atteindre par exemple les structures suivantes:<\/p>\n<h2>Aquarium de Cattolica Parc Le Navi<\/h2>\n<p>En compagnie de 3000 exemplaires de 400 esp\u00e8ces diff\u00e9rentes provenant des mers du monde entier, l\u2019Aquarium propose un voyage fascinant \u00e0 la d\u00e9couverte de la mer. Les protagonistes du parc son les requins, 50 exemplaires de 13 esp\u00e8ces diff\u00e9rentes, situ\u00e9s dans un bassin o\u00f9 il est possible d\u2019effectuer d\u2019\u00e9mouvants \u201cface \u00e0 face\u201d.<br \/>Info: www.acquariodicattolica.it<\/p>\n<h2>Aquaf\u00e0n Riccione<\/h2>\n<p>Avec plus de trois Km de toboggans, Aquafan est consid\u00e9r\u00e9 l\u2019un des parcs aquatiques les plus importants d\u2019Europe, gr\u00e2ce \u00e0 ses \u00e9normes piscines \u00e0 vagues, aux innombrables attractions aquatiques toujours plus \u00e9lectrisants et \u00e0 tout l\u2019enthousiasme de l\u2019\u00e9quipe d\u2019animation qui caract\u00e9rise le parc depuis de nombreuses ann\u00e9es. Aquafan est aussi un point de r\u00e9f\u00e9rence important pour ceux qui aiment s\u2019amuser au rythme de la musique gr\u00e2ce \u00e0 sa discoth\u00e8que Walky Cup et \u00e0 ses DJ de renomm\u00e9e internationale.<br \/>Info: www.aquafan.it<\/p>\n<h2>Oltremare Riccione<\/h2>\n<p>L\u2019union entre l\u2019exp\u00e9rience et la technologie am\u00e9ricaine et la cr\u00e9ativit\u00e9 italienne a donn\u00e9 vie \u00e0 Oltremare, un projet architectural original qui propose un tr\u00e8s bel hommage \u00e0 la Plan\u00e8te Terre et \u00e0 la Mer. Il s\u2019agit d\u2019une exp\u00e9rience \u00e9ducative riche en parcours naturels et rencontres spectaculaires, id\u00e9ale aussi bien pour les grands que pour les plus petits.<br \/>Info: www.oltremare.org<\/p>\n<h2>Imax Riccione<\/h2>\n<p>Il s\u2019agit d\u2019une exp\u00e9rience cin\u00e9matographique passionnante et spectaculaire en 3D, sur un \u00e9cran g\u00e9ant de 600 m2 d\u2019une hauteur d\u2019un immeuble de six \u00e9tages. Imax promet de grandes \u00e9motions, voyages dans les abysses des oc\u00e9ans et \u00e0 travers l\u2019espace.<br \/>Info: www.imaxriccione.it<\/p>\n<h2>Italie en Miniature<\/h2>\n<p>Il s\u2019agit d\u2019un des parcs les plus c\u00e9l\u00e8bres et \u201canciens\u201d d\u2019Italie. L\u2019Italie en Miniature propose un voyage tr\u00e8s amusant \u00e0 la d\u00e9couverte des monuments italiens les plus repr\u00e9sentatifs gr\u00e2ce \u00e0 la pr\u00e9sence de plus de deux-cents mini-reproductions tr\u00e8s fid\u00e8les aux originaux. Outre celles-ci le parc offre de nombreux divertissements gr\u00e2ce \u00e0 des attractions palpitantes et diff\u00e9rents spectacles pour petits et grands.<br \/>Info: www.italiainminiatura.com<\/p>\n","protected":false},"excerpt":{"rendered":"<p>Si vous souhaitez passer des vacances \u00e0 l\u2019enseigne du divertissement&#8230;<\/p>\n","protected":false},"author":32,"featured_media":0,"parent":0,"menu_order":0,"comment_status":"closed","ping_status":"closed","template":"","meta":{"_acf_changed":false},"class_list":["post-986","page","type-page","status-publish","hentry"],"acf":[],"aioseo_notices":[],"_links":{"self":[{"href":"https:\/\/www.adriaticohotels.com\/fr\/wp-json\/wp\/v2\/pages\/986","targetHints":{"allow":["GET"]}}],"collection":[{"href":"https:\/\/www.adriaticohotels.com\/fr\/wp-json\/wp\/v2\/pages"}],"about":[{"href":"https:\/\/www.adriaticohotels.com\/fr\/wp-json\/wp\/v2\/types\/page"}],"author":[{"embeddable":true,"href":"https:\/\/www.adriaticohotels.com\/fr\/wp-json\/wp\/v2\/users\/32"}],"replies":[{"embeddable":true,"href":"https:\/\/www.adriaticohotels.com\/fr\/wp-json\/wp\/v2\/comments?post=986"}],"version-history":[{"count":0,"href":"https:\/\/www.adriaticohotels.com\/fr\/wp-json\/wp\/v2\/pages\/986\/revisions"}],"wp:attachment":[{"href":"https:\/\/www.adriaticohotels.com\/fr\/wp-json\/wp\/v2\/media?parent=986"}],"curies":[{"name":"wp","href":"https:\/\/api.w.org\/{rel}","templated":true}]}}