{"id":976,"date":"2013-07-09T12:41:08","date_gmt":"2013-07-09T12:41:08","guid":{"rendered":"https:\/\/www.adriaticohotels.com\/home-2\/"},"modified":"2015-04-03T12:22:32","modified_gmt":"2015-04-03T10:22:32","slug":"home","status":"publish","type":"page","link":"https:\/\/www.adriaticohotels.com\/fr\/","title":{"rendered":"Nos H\u00f4tels \u00e0 Cattolica et Gabicce Mare"},"content":{"rendered":"<p>Adriaticohotels repr\u00e9sente les hotels que la famille Silvagni vous propose pour vos <strong>vacances \u00e0 Cattolica et Gabicce Mare<\/strong>. D&rsquo;excellents h\u00f4tels, ils sont tous situ\u00e9s \u00e0 un emplacement de choix et l&rsquo;accueil est des plus chaleureux.<\/p>\n<p><strong>A Cattolica<\/strong>, \u00ab\u00a0la Reine de l&rsquo;Adriatique\u00a0\u00bb, une petite ville \u00e0 taille humaine<br \/>id\u00e9ale pour vos vacances, nous vous proposons:<br \/><strong>H\u00f4tel Cormoran ****<\/strong><br \/>\u00e0 proximit\u00e9 de la mer, dans le quartier r\u00e9nov\u00e9 Ouest, jouit d&rsquo;une vue magnifique sur la c\u00f4te.<br \/><strong>H\u00f4tel Gabbiano ****<\/strong><br \/>un b\u00e2timent moderne donnant sur la promenade de la Via Carducci, pr\u00e8s de la mer.<br \/><strong>H\u00f4tel Nord-Est ****<\/strong><br \/>dans une position merveilleuse sur la mer et pr\u00e8s du centre.<\/p>\n<p><strong>A Gabicce Mare<\/strong>, la perle de l&rsquo;Adriatique, avec sa belle plage et le parc naturel San Bartolo en arri\u00e8re plan, nous vous proposons:<br \/><strong>H\u00f4tel Napol\u00e9on ***<\/strong><br \/>emplacement de choix dans le coeur de Gabicce, directement sur la plage et \u00e0 quelques pas de la rue pi\u00e9tonni\u00e8re en soir\u00e9e.<br \/><strong>H\u00f4tel Madison ***<\/strong><br \/>enti\u00e8rement r\u00e9nov\u00e9 et situ\u00e9 au coeur de Gabicce Mare, dans un quartier tr\u00e8s calme, \u00e0 proximit\u00e9 de la mer.<\/p>\n","protected":false},"excerpt":{"rendered":"<p>Adriaticohotels repr\u00e9sente les hotels que la famille Silvagni vous propose&#8230;<\/p>\n","protected":false},"author":32,"featured_media":0,"parent":0,"menu_order":1,"comment_status":"closed","ping_status":"closed","template":"","meta":{"_acf_changed":false},"class_list":["post-976","page","type-page","status-publish","hentry"],"acf":[],"aioseo_notices":[],"_links":{"self":[{"href":"https:\/\/www.adriaticohotels.com\/fr\/wp-json\/wp\/v2\/pages\/976","targetHints":{"allow":["GET"]}}],"collection":[{"href":"https:\/\/www.adriaticohotels.com\/fr\/wp-json\/wp\/v2\/pages"}],"about":[{"href":"https:\/\/www.adriaticohotels.com\/fr\/wp-json\/wp\/v2\/types\/page"}],"author":[{"embeddable":true,"href":"https:\/\/www.adriaticohotels.com\/fr\/wp-json\/wp\/v2\/users\/32"}],"replies":[{"embeddable":true,"href":"https:\/\/www.adriaticohotels.com\/fr\/wp-json\/wp\/v2\/comments?post=976"}],"version-history":[{"count":0,"href":"https:\/\/www.adriaticohotels.com\/fr\/wp-json\/wp\/v2\/pages\/976\/revisions"}],"wp:attachment":[{"href":"https:\/\/www.adriaticohotels.com\/fr\/wp-json\/wp\/v2\/media?parent=976"}],"curies":[{"name":"wp","href":"https:\/\/api.w.org\/{rel}","templated":true}]}}