{"id":987,"date":"2015-02-24T09:19:42","date_gmt":"2015-02-24T08:19:42","guid":{"rendered":"https:\/\/www.adriaticohotels.com\/hotel-vicino-parchi-divertimento-2\/"},"modified":"2015-04-01T10:50:18","modified_gmt":"2015-04-01T08:50:18","slug":"die-freizeitparks","status":"publish","type":"page","link":"https:\/\/www.adriaticohotels.com\/de\/die-freizeitparks\/","title":{"rendered":"Die Freizeitparks"},"content":{"rendered":"<p>Haben Sie Lust auf Unterhaltung w\u00e4hrend Ihres Urlaubs?- dann kann Cattolica wahrhaft zahlreiche Vergn\u00fcgungsm\u00f6glichkeiten bieten, und dies nicht nur dank der N\u00e4he der ber\u00fchmtesten Diskos der Adriak\u00fcste sondern auch dank der best bekannten Vergn\u00fcgungsparks. Wenige Autominuten von Cattolica entfernt kann man zum Beispiel folgende Strukturen erreichen:<\/p>\n<h2>Aquarium in Cattolica &#8222;Parco Le Navi&#8220;<\/h2>\n<p>Mit 3000 Exemplaren von 400 verschiedenen Arten die aus allen Meeren der Welt herr\u00fchren, bietet das Aquarium eine faszinierende Reise auf der Entdeckung des Meeres. Die Haie sind die Prunkst\u00fccke, 50 Exemplare 13 verschiedener Arten, die in einem Becken untergebracht sind, wo ein direktes \u201eAuge in Auge\u201c f\u00fcr Spannung sorgt.<br \/>Info:www.acquariodicattolica.it<\/p>\n<h2>Wasser- und Erlebnispark Aquaf\u00e0n Riccione<\/h2>\n<p>Mit \u00fcber drei km Rutschbahnen gilt Aquafan als einer der gr\u00f6\u00dften Wasser- und Erlebnisparks in Europa, auch dank seiner riesigen Wellen-Schwimmb\u00e4der, seinen unz\u00e4hligen, immer noch mehr begeisternden Wasserpl\u00e4uschen und mit dem ganzen Enthusiasmus einer Animation, die den Park seit vielen Jahren kennzeichnet. Aquafan ist auch ein wichtiger Anziehungspunkt f\u00fcr diejenigen, die sich im Rhythmus der Musik vergn\u00fcgen m\u00f6chten, dank seiner Diskothek Walky Cup und seinen DJ von internationalem Ruf.<br \/>Info: www.aquafan.it<\/p>\n<h2>\u201cOltremare\u201d Riccione<\/h2>\n<p>Das Zusammenspiel von Erfahrung, amerikanischer Technologie und italienischer Kreativit\u00e4t haben \u201eOltremare\u201c ins Leben gerufen, ein originelles architektonisches Projekt, das dem Planeten Erde und dem Meer eine wundersch\u00f6ne Ehrerbietung huldet. Es handelt sich um eine erzieherische Erfahrung, reich an Naturstrecken und spektakul\u00e4ren Begegnungen, ideal f\u00fcr Gro\u00df und Klein. Info: www.oltremare.org<br \/>Imax Riccione<br \/>Es handelt sich um eine mitrei\u00dfende und spektakul\u00e4re 3D-Filmerfahrung, auf einer Maxi-Bildwand von 600 Quadratmetern die so hoch wie ein siebenst\u00f6ckiges Geb\u00e4ude ist. Imax sichert besondere Emotionen, Reisen in die Tiefen der Ozeane und Raumfahrten zu.<br \/>Info: www.imaxriccione.it<\/p>\n<h2>Italien in Miniatur<\/h2>\n<p>Es handelt sich um einer der ber\u00fchmtesten und \u201eantiksten\u201c P\u00e4rke Italiens. Italien in Miniatur schl\u00e4gt eine h\u00f6chst vergn\u00fcgliche Reise auf der Entdeckung der repr\u00e4sentativsten Monumente Italiens vor. Hier finden wir mehr als zweihundert Mini-Reproduktionen, die ganz getreu nach den Originalen gestaltet sind. Dar\u00fcber hinaus bietet der Park viel Unterhaltung dank begeisternder Attraktionen und vieler Spektakel f\u00fcr Gro\u00df und Klein.<br \/>Info: www.italiainminiatura.com<\/p>\n","protected":false},"excerpt":{"rendered":"<p>Haben Sie Lust auf Unterhaltung w\u00e4hrend Ihres Urlaubs?- dann kann&#8230;<\/p>\n","protected":false},"author":32,"featured_media":0,"parent":0,"menu_order":0,"comment_status":"closed","ping_status":"closed","template":"","meta":{"_acf_changed":false},"class_list":["post-987","page","type-page","status-publish","hentry"],"acf":[],"aioseo_notices":[],"_links":{"self":[{"href":"https:\/\/www.adriaticohotels.com\/de\/wp-json\/wp\/v2\/pages\/987","targetHints":{"allow":["GET"]}}],"collection":[{"href":"https:\/\/www.adriaticohotels.com\/de\/wp-json\/wp\/v2\/pages"}],"about":[{"href":"https:\/\/www.adriaticohotels.com\/de\/wp-json\/wp\/v2\/types\/page"}],"author":[{"embeddable":true,"href":"https:\/\/www.adriaticohotels.com\/de\/wp-json\/wp\/v2\/users\/32"}],"replies":[{"embeddable":true,"href":"https:\/\/www.adriaticohotels.com\/de\/wp-json\/wp\/v2\/comments?post=987"}],"version-history":[{"count":0,"href":"https:\/\/www.adriaticohotels.com\/de\/wp-json\/wp\/v2\/pages\/987\/revisions"}],"wp:attachment":[{"href":"https:\/\/www.adriaticohotels.com\/de\/wp-json\/wp\/v2\/media?parent=987"}],"curies":[{"name":"wp","href":"https:\/\/api.w.org\/{rel}","templated":true}]}}