{"id":977,"date":"2013-07-09T12:41:08","date_gmt":"2013-07-09T12:41:08","guid":{"rendered":"https:\/\/www.adriaticohotels.com\/home-2\/"},"modified":"2015-04-03T12:26:47","modified_gmt":"2015-04-03T10:26:47","slug":"home","status":"publish","type":"page","link":"https:\/\/www.adriaticohotels.com\/de\/","title":{"rendered":"Unsere Hotels in Cattolica und Gabicce Mare"},"content":{"rendered":"<p>Adriaticohotels stellt die Annahme, dass die Familie Silvagni Angebote f\u00fcr Ihren <strong>Urlaub in Cattolica und Gabicce Mare<\/strong>. Ausgezeichnetes Hotel, sch\u00f6ne Lage &#8222;und H\u00f6flichkeit.<\/p>\n<p><strong>Ein Katholik<\/strong>, der &#8222;K\u00f6nigin der Adria&#8220;, einem kleinen Ort im menschlichen Ma\u00dfstab<br \/>ideal f\u00fcr Ihren Urlaub, schlagen wir vor:<br \/><strong>Hotel Cormoran ****<\/strong><br \/>Meer, in dem renovierten Bereich des Westens, der einen herrlichen Blick \u00fcber die K\u00fcste genie\u00dft.<br \/><strong>Hotel Gabbiano ****<\/strong><br \/>ein modernes Geb\u00e4ude mit Blick auf die Promenade der Via Carducci, nahe dem Meer.<br \/><strong>Hotel Nord Est ****<\/strong><br \/>in einer wunderbaren Lage mit Blick auf das Meer und nahe dem Zentrum.<\/p>\n<p><strong>Gabicce Mare<\/strong>, die Perle der Adria, mit seinem sch\u00f6nen Strand und ein Park hinter, schlagen wir vor:<br \/><strong>Hotel Napoleon ***<\/strong><br \/>erstklassige Lage im Herzen von Gabicce und direkt am Strand in der Mitte der Fu\u00dfg\u00e4ngerzone am Abend.<br \/><strong>Hotel Madison ***<\/strong><br \/>komplett renoviert und befindet sich im Herzen von Gabicce Mare, in einer sehr ruhigen Gegend, nahe am Meer.<\/p>\n","protected":false},"excerpt":{"rendered":"<p>Adriaticohotels stellt die Annahme, dass die Familie Silvagni Angebote f\u00fcr&#8230;<\/p>\n","protected":false},"author":32,"featured_media":0,"parent":0,"menu_order":1,"comment_status":"closed","ping_status":"closed","template":"","meta":{"_acf_changed":false},"class_list":["post-977","page","type-page","status-publish","hentry"],"acf":[],"aioseo_notices":[],"_links":{"self":[{"href":"https:\/\/www.adriaticohotels.com\/de\/wp-json\/wp\/v2\/pages\/977","targetHints":{"allow":["GET"]}}],"collection":[{"href":"https:\/\/www.adriaticohotels.com\/de\/wp-json\/wp\/v2\/pages"}],"about":[{"href":"https:\/\/www.adriaticohotels.com\/de\/wp-json\/wp\/v2\/types\/page"}],"author":[{"embeddable":true,"href":"https:\/\/www.adriaticohotels.com\/de\/wp-json\/wp\/v2\/users\/32"}],"replies":[{"embeddable":true,"href":"https:\/\/www.adriaticohotels.com\/de\/wp-json\/wp\/v2\/comments?post=977"}],"version-history":[{"count":0,"href":"https:\/\/www.adriaticohotels.com\/de\/wp-json\/wp\/v2\/pages\/977\/revisions"}],"wp:attachment":[{"href":"https:\/\/www.adriaticohotels.com\/de\/wp-json\/wp\/v2\/media?parent=977"}],"curies":[{"name":"wp","href":"https:\/\/api.w.org\/{rel}","templated":true}]}}